{"id":245,"date":"2025-06-29T12:20:12","date_gmt":"2025-06-29T10:20:12","guid":{"rendered":"https:\/\/www.holaindiachiclana.com\/inicio\/"},"modified":"2025-09-19T09:13:27","modified_gmt":"2025-09-19T07:13:27","slug":"inicio","status":"publish","type":"page","link":"https:\/\/www.holaindiachiclana.com\/es\/","title":{"rendered":"Inicio"},"content":{"rendered":"<p>[et_pb_section fb_built=\u00bb1&#8243; admin_label=\u00bbHeader\u00bb _builder_version=\u00bb4.27.4&#8243; _module_preset=\u00bbdefault\u00bb use_background_color_gradient=\u00bbon\u00bb background_color_gradient_stops=\u00bbrgba(58,37,25,0.85) 2%|rgba(58,37,25,0) 100%\u00bb background_color_gradient_overlays_image=\u00bbon\u00bb background_image=\u00bbhttps:\/\/www.holaindiachiclana.com\/wp-content\/uploads\/2025\/06\/hola-india.jpg\u00bb background_enable_pattern_style=\u00bbon\u00bb background_pattern_style=\u00bbscallops\u00bb background_pattern_color=\u00bbrgba(58,37,25,0.32)\u00bb background_pattern_size=\u00bbcustom\u00bb background_pattern_width=\u00bb24px\u00bb custom_padding=\u00bb||0px||false|false\u00bb collapsed=\u00bbon\u00bb global_colors_info=\u00bb{}\u00bb][et_pb_row column_structure=\u00bb3_5,2_5&#8243; _builder_version=\u00bb4.19.2&#8243; _module_preset=\u00bbdefault\u00bb global_colors_info=\u00bb{}\u00bb][et_pb_column type=\u00bb3_5&#8243; _builder_version=\u00bb4.19.2&#8243; _module_preset=\u00bbdefault\u00bb global_colors_info=\u00bb{}\u00bb][et_pb_text _builder_version=\u00bb4.27.4&#8243; _module_preset=\u00bbb4906829-d923-4a92-aef4-85b879399e88&#8243; header_font=\u00bbAboreto|700|||||||\u00bb header_text_color=\u00bb#ffd000&#8243; header_letter_spacing=\u00bb0em\u00bb locked=\u00bboff\u00bb global_colors_info=\u00bb{}\u00bb]<\/p>\n<h1>Bienvenido a<br \/>\u00a1Hola India!<\/h1>\n<p>[\/et_pb_text][et_pb_button button_url=\u00bbhttps:\/\/www.holaindiachiclana.com\/es\/reserva-ahora\/\u00bb button_text=\u00bb\u00a1Reserva ya!\u00bb _builder_version=\u00bb4.27.4&#8243; _module_preset=\u00bbb364fbfc-2000-436d-ab45-52de35ab9496&#8243; global_colors_info=\u00bb{}\u00bb][\/et_pb_button][\/et_pb_column][et_pb_column type=\u00bb2_5&#8243; _builder_version=\u00bb4.19.2&#8243; _module_preset=\u00bbdefault\u00bb global_colors_info=\u00bb{}\u00bb][\/et_pb_column][\/et_pb_row][et_pb_row column_structure=\u00bb1_2,1_2&#8243; _builder_version=\u00bb4.27.4&#8243; _module_preset=\u00bbdefault\u00bb custom_padding=\u00bb||0px||false|false\u00bb global_colors_info=\u00bb{}\u00bb][et_pb_column type=\u00bb1_2&#8243; _builder_version=\u00bb4.19.2&#8243; _module_preset=\u00bbdefault\u00bb global_colors_info=\u00bb{}\u00bb][\/et_pb_column][et_pb_column type=\u00bb1_2&#8243; _builder_version=\u00bb4.27.4&#8243; _module_preset=\u00bbdefault\u00bb background_color=\u00bb#b90802&#8243; custom_padding=\u00bb60px|60px|60px|60px|true|true\u00bb custom_padding_tablet=\u00bb30px|30px|30px|30px|true|true\u00bb custom_padding_phone=\u00bb20px|20px|20px|20px|true|true\u00bb custom_padding_last_edited=\u00bbon|tablet\u00bb global_colors_info=\u00bb{}\u00bb][et_pb_text _builder_version=\u00bb4.27.4&#8243; _module_preset=\u00bba3d174c3-47fc-4420-a67f-75f5af40515b\u00bb text_font_size=\u00bb18px\u00bb global_colors_info=\u00bb{}\u00bb]<\/p>\n<p><span style=\"color: #ffffff;\">\u00a1Hola India ya est\u00e1 abierto en Chiclana! Con d\u00e9cadas de pasi\u00f3n volcadas en cada plato y un servicio sincero a la altura, te prometemos una aut\u00e9ntica experiencia culinaria india que no olvidar\u00e1s.  Cena en casa o pide comida para llevar: te esperan sabor, tradici\u00f3n y calidez.<\/span><\/p>\n<p>[\/et_pb_text][\/et_pb_column][\/et_pb_row][\/et_pb_section][et_pb_section fb_built=\u00bb1&#8243; admin_label=\u00bbCall to Action\u00bb _builder_version=\u00bb4.19.2&#8243; _module_preset=\u00bbdefault\u00bb collapsed=\u00bbon\u00bb global_colors_info=\u00bb{}\u00bb][et_pb_row _builder_version=\u00bb4.19.2&#8243; _module_preset=\u00bbdefault\u00bb max_width=\u00bb700px\u00bb global_colors_info=\u00bb{}\u00bb][et_pb_column type=\u00bb4_4&#8243; _builder_version=\u00bb4.19.2&#8243; _module_preset=\u00bbdefault\u00bb global_colors_info=\u00bb{}\u00bb][et_pb_text _builder_version=\u00bb4.27.4&#8243; _module_preset=\u00bb9c732e29-36b4-478f-ba31-32b20c2bb01f\u00bb global_colors_info=\u00bb{}\u00bb]<\/p>\n<p style=\"text-align: center;\">\u00a1Hola India ya est\u00e1 abierto en Chiclana! Experimenta los ricos y aut\u00e9nticos sabores de la cocina tradicional india, elaborados con amor y d\u00e9cadas de experiencia.<br \/>Tu aventura gustativa comienza aqu\u00ed, \u00a1ven y disfruta! <\/p>\n<p>[\/et_pb_text][\/et_pb_column][\/et_pb_row][\/et_pb_section][et_pb_section fb_built=\u00bb1&#8243; admin_label=\u00bbImages &#038; Video\u00bb _builder_version=\u00bb4.27.4&#8243; _module_preset=\u00bbdefault\u00bb use_background_color_gradient=\u00bbon\u00bb background_color_gradient_direction=\u00bb90deg\u00bb background_color_gradient_stops=\u00bbrgba(0,0,0,0.84) 1%|gcid-68c6b9ad-55a2-4756-9f20-a801af585cf6 66%|#f4c881 66%\u00bb custom_padding=\u00bb||0px||false|false\u00bb background_last_edited=\u00bbon|desktop\u00bb background_color_gradient_direction_tablet=\u00bb180deg\u00bb box_shadow_style=\u00bbpreset7&#8243; box_shadow_horizontal=\u00bb0px\u00bb box_shadow_vertical=\u00bb23vw\u00bb box_shadow_color=\u00bb#FFFFFF\u00bb collapsed=\u00bbon\u00bb global_colors_info=\u00bb{%22gcid-68c6b9ad-55a2-4756-9f20-a801af585cf6%22:%91%22background_color_gradient_stops%22%93,%22gcid-fa957022-7f68-4c63-9382-2437a00591d9%22:%91%22background_color_gradient_stops%22%93}\u00bb][et_pb_row column_structure=\u00bb1_2,1_2&#8243; _builder_version=\u00bb4.19.2&#8243; _module_preset=\u00bbdefault\u00bb global_colors_info=\u00bb{}\u00bb][et_pb_column type=\u00bb1_2&#8243; _builder_version=\u00bb4.19.2&#8243; _module_preset=\u00bbdefault\u00bb global_colors_info=\u00bb{}\u00bb][et_pb_image src=\u00bbhttps:\/\/www.holaindiachiclana.com\/wp-content\/uploads\/2025\/06\/hola-indian-1.jpg\u00bb alt=\u00bbRestaurante indio HOLA\u00bb title_text=\u00bbhola-india\u00bb _builder_version=\u00bb4.27.4&#8243; _module_preset=\u00bbdefault\u00bb custom_margin=\u00bb|||-30vw|false|false\u00bb global_colors_info=\u00bb{}\u00bb][\/et_pb_image][et_pb_text _builder_version=\u00bb4.27.4&#8243; _module_preset=\u00bb9c732e29-36b4-478f-ba31-32b20c2bb01f\u00bb text_text_color=\u00bb#FFFFFF\u00bb global_colors_info=\u00bb{}\u00bb]<\/p>\n<p>En Hola India, nuestra pasi\u00f3n es servir una cocina india realmente incre\u00edble. Desde el rico curry hasta el chisporroteante tandoori, cada plato se elabora con amor, tradici\u00f3n y sabores atrevidos e inolvidables. \u00a1Prueba la diferencia!  <\/p>\n<p>[\/et_pb_text][et_pb_button button_url=\u00bbhttps:\/\/www.holaindiachiclana.com\/es\/menu\/\u00bb button_text=\u00bbMen\u00fa\u00bb _builder_version=\u00bb4.27.4&#8243; _module_preset=\u00bbb364fbfc-2000-436d-ab45-52de35ab9496&#8243; locked=\u00bboff\u00bb global_colors_info=\u00bb{}\u00bb][\/et_pb_button][\/et_pb_column][et_pb_column type=\u00bb1_2&#8243; _builder_version=\u00bb4.19.2&#8243; _module_preset=\u00bbdefault\u00bb custom_padding=\u00bb10vw||||false|false\u00bb global_colors_info=\u00bb{}\u00bb][et_pb_image src=\u00bbhttps:\/\/www.holaindiachiclana.com\/wp-content\/uploads\/2025\/06\/indian-restaurant.jpg\u00bb alt=\u00bbRestaurante indio HOLA\u00bb title_text=\u00bbRestaurante indio HOLA\u00bb _builder_version=\u00bb4.27.4&#8243; _module_preset=\u00bbdefault\u00bb global_colors_info=\u00bb{}\u00bb][\/et_pb_image][\/et_pb_column][\/et_pb_row][et_pb_row _builder_version=\u00bb4.19.2&#8243; _module_preset=\u00bbdefault\u00bb use_background_color_gradient=\u00bbon\u00bb background_color_gradient_stops=\u00bbrgba(255,255,255,0) 50%|#ffffff 50%\u00bb width=\u00bb100%\u00bb width_last_edited=\u00bboff|desktop\u00bb max_width=\u00bbnone\u00bb custom_padding=\u00bb||0px||false|false\u00bb global_colors_info=\u00bb{}\u00bb][et_pb_column type=\u00bb4_4&#8243; _builder_version=\u00bb4.19.2&#8243; _module_preset=\u00bbdefault\u00bb global_colors_info=\u00bb{}\u00bb][et_pb_image src=\u00bbhttps:\/\/www.holaindiachiclana.com\/wp-content\/uploads\/2025\/06\/indian-food-chiclana.jpg\u00bb title_text=\u00bbcomida india-chiclana\u00bb _builder_version=\u00bb4.27.4&#8243; _module_preset=\u00bbdefault\u00bb width=\u00bb80%\u00bb module_alignment=\u00bbcenter\u00bb global_colors_info=\u00bb{}\u00bb][\/et_pb_image][et_pb_image _builder_version=\u00bb4.27.4&#8243; _module_preset=\u00bbdefault\u00bb global_colors_info=\u00bb{}\u00bb][\/et_pb_image][\/et_pb_column][\/et_pb_row][\/et_pb_section][et_pb_section fb_built=\u00bb1&#8243; admin_label=\u00bbCall to Action\u00bb _builder_version=\u00bb4.27.4&#8243; _module_preset=\u00bbdefault\u00bb custom_padding=\u00bb0px||8vw||false|false\u00bb saved_tabs=\u00bball\u00bb collapsed=\u00bbon\u00bb global_colors_info=\u00bb{}\u00bb][et_pb_row column_structure=\u00bb2_5,3_5&#8243; make_equal=\u00bbon\u00bb _builder_version=\u00bb4.27.4&#8243; _module_preset=\u00bbdefault\u00bb background_color=\u00bbgcid-fa957022-7f68-4c63-9382-2437a00591d9&#8243; custom_padding=\u00bb0px||0px||true|false\u00bb box_shadow_style=\u00bbpreset4&#8243; box_shadow_horizontal=\u00bb30vw\u00bb box_shadow_vertical=\u00bb0px\u00bb box_shadow_color=\u00bbgcid-fa957022-7f68-4c63-9382-2437a00591d9&#8243; box_shadow_color_tablet=\u00bbRGBA(255,255,255,0)\u00bb box_shadow_color_phone=\u00bb\u00bb box_shadow_color_last_edited=\u00bbon|tablet\u00bb global_colors_info=\u00bb{%22gcid-fa957022-7f68-4c63-9382-2437a00591d9%22:%91%22background_color%22,%22box_shadow_color%22%93}\u00bb][et_pb_column type=\u00bb2_5&#8243; _builder_version=\u00bb4.27.4&#8243; _module_preset=\u00bbdefault\u00bb use_background_color_gradient=\u00bbon\u00bb background_color_gradient_direction=\u00bb90deg\u00bb background_color_gradient_stops=\u00bb#ffffff 70%|gcid-fa957022-7f68-4c63-9382-2437a00591d9 70%\u00bb global_colors_info=\u00bb{%22gcid-fa957022-7f68-4c63-9382-2437a00591d9%22:%91%22background_color_gradient_stops%22%93,%22gcid-body-color%22:%91%22background_color_gradient_stops%22%93}\u00bb][et_pb_image src=\u00bbhttps:\/\/www.holaindiachiclana.com\/wp-content\/uploads\/2025\/06\/indian-chiclana.jpg\u00bb title_text=\u00bbindia-chiclana\u00bb _builder_version=\u00bb4.27.4&#8243; _module_preset=\u00bbdefault\u00bb custom_margin=\u00bb8vw|-8vw|-4vw||false|false\u00bb custom_margin_tablet=\u00bb0vw|0vw|0vw||false|false\u00bb custom_margin_phone=\u00bb\u00bb custom_margin_last_edited=\u00bbon|tablet\u00bb global_colors_info=\u00bb{}\u00bb][\/et_pb_image][\/et_pb_column][et_pb_column type=\u00bb3_5&#8243; _builder_version=\u00bb4.19.2&#8243; _module_preset=\u00bbdefault\u00bb custom_padding=\u00bb4vw|||8vw|false|false\u00bb custom_padding_tablet=\u00bb0vw|30px|30px|30px|false|true\u00bb custom_padding_phone=\u00bb|20px|20px|20px|false|true\u00bb custom_padding_last_edited=\u00bbon|desktop\u00bb global_colors_info=\u00bb{}\u00bb][et_pb_text _builder_version=\u00bb4.27.4&#8243; _module_preset=\u00bb8b0ad93c-8495-4dcd-a2ab-cb692dbdf5bb\u00bb header_font=\u00bb&#8211;et_global_heading_font||||||||\u00bb header_font_size=\u00bb31px\u00bb header_2_font=\u00bbInter||||||||\u00bb header_2_font_size=\u00bb34px\u00bb global_colors_info=\u00bb{}\u00bb]<\/p>\n<h2>Veganos y vegetarianos<br \/>\u00a1Son bienvenidos!<\/h2>\n<p>[\/et_pb_text][et_pb_text _builder_version=\u00bb4.27.4&#8243; _module_preset=\u00bbb07bb8ad-68d5-46ab-9b7c-e949fe9df597&#8243; text_font_size=\u00bb16px\u00bb global_colors_info=\u00bb{}\u00bb]<\/p>\n<p><span style=\"color: #000000;\">Todos tus platos indios favoritos est\u00e1n aqu\u00ed, en Hola India, adem\u00e1s de deliciosas opciones para veganos y vegetarianos. Todo el mundo es bienvenido a nuestra mesa. <\/span><\/p>\n<p>[\/et_pb_text][et_pb_button button_url=\u00bbhttps:\/\/www.holaindiachiclana.com\/es\/reserva-ahora\/\u00bb button_text=\u00bbReserva ahora\u00bb _builder_version=\u00bb4.27.4&#8243; _module_preset=\u00bbb364fbfc-2000-436d-ab45-52de35ab9496&#8243; locked=\u00bboff\u00bb global_colors_info=\u00bb{}\u00bb][\/et_pb_button][\/et_pb_column][\/et_pb_row][\/et_pb_section][et_pb_section fb_built=\u00bb1&#8243; admin_label=\u00bbFooter\u00bb _builder_version=\u00bb4.27.4&#8243; _module_preset=\u00bbdefault\u00bb background_color=\u00bbgcid-fa957022-7f68-4c63-9382-2437a00591d9&#8243; background_enable_pattern_style=\u00bbon\u00bb background_pattern_style=\u00bbscallops\u00bb background_pattern_color=\u00bbrgba(187,156,109,0.2)\u00bb background_pattern_repeat_origin=\u00bbbottom_left\u00bb background_pattern_repeat=\u00bbrepeat-x\u00bb custom_padding=\u00bb0px||0px||true|false\u00bb global_module=\u00bb103&#8243; saved_tabs=\u00bball\u00bb collapsed=\u00bboff\u00bb global_colors_info=\u00bb{%22gcid-fa957022-7f68-4c63-9382-2437a00591d9%22:%91%22background_color%22%93}\u00bb][et_pb_row column_structure=\u00bb1_3,1_3,1_3&#8243; custom_padding_last_edited=\u00bbon|tablet\u00bb _builder_version=\u00bb4.27.4&#8243; _module_preset=\u00bbdefault\u00bb background_color=\u00bb#000000&#8243; custom_padding=\u00bb60px|60px|60px|60px|true|true\u00bb custom_padding_tablet=\u00bb30px|30px|30px|30px|true|true\u00bb custom_padding_phone=\u00bb20px|20px|20px|20px|true|true\u00bb global_colors_info=\u00bb{}\u00bb][et_pb_column type=\u00bb1_3&#8243; _builder_version=\u00bb4.19.2&#8243; _module_preset=\u00bbdefault\u00bb global_colors_info=\u00bb{}\u00bb][et_pb_image src=\u00bbhttps:\/\/www.holaindiachiclana.com\/wp-content\/uploads\/2025\/06\/hola-indian.jpg\u00bb alt=\u00bbRestaurante Indio Chiclana\u00bb title_text=\u00bbRestaurante Indio Chiclana\u00bb _builder_version=\u00bb4.27.4&#8243; _module_preset=\u00bbdefault\u00bb global_colors_info=\u00bb{}\u00bb][\/et_pb_image][et_pb_text _builder_version=\u00bb4.27.4&#8243; _module_preset=\u00bbb07bb8ad-68d5-46ab-9b7c-e949fe9df597&#8243; text_text_color=\u00bb#FFFFFF\u00bb global_colors_info=\u00bb{}\u00bb]<\/p>\n<p>Cena en casa o pide comida para llevar: te esperan sabor, tradici\u00f3n y calidez. \u00a1Esperamos recibirte pronto! <\/p>\n<p>[\/et_pb_text][\/et_pb_column][et_pb_column type=\u00bb1_3&#8243; _builder_version=\u00bb4.19.2&#8243; _module_preset=\u00bbdefault\u00bb global_colors_info=\u00bb{}\u00bb][et_pb_text _builder_version=\u00bb4.19.2&#8243; _module_preset=\u00bb660cb5ee-4581-4904-a2f2-0b63b7010739&#8243; header_4_text_color=\u00bbgcid-5b291cc9-df1d-4b6e-9bdc-386dacc5279f\u00bb custom_margin=\u00bb||0px||false|false\u00bb global_colors_info=\u00bb{%22gcid-5b291cc9-df1d-4b6e-9bdc-386dacc5279f%22:%91%22header_4_text_color%22%93}\u00bb]<\/p>\n<h4>Horas<\/h4>\n<p>[\/et_pb_text][et_pb_text _builder_version=\u00bb4.27.4&#8243; _module_preset=\u00bbb07bb8ad-68d5-46ab-9b7c-e949fe9df597&#8243; text_text_color=\u00bbgcid-fa957022-7f68-4c63-9382-2437a00591d9&#8243; custom_margin=\u00bb||10px||false|false\u00bb hover_enabled=\u00bb0&#8243; global_colors_info=\u00bb{%22gcid-fa957022-7f68-4c63-9382-2437a00591d9%22:%91%22text_text_color%22%93}\u00bb sticky_enabled=\u00bb0&#8243;]<span style=\"color: #ffffff;\">De lunes a domingo<\/span><br \/>\n<span style=\"color: #ffffff;\">12:30 PM &#8211; 4:30 PM<\/span><br \/>\n<span style=\"color: #ffffff;\">Martes 19:00 &#8211; 12:30<\/span>[\/et_pb_text][et_pb_text _builder_version=\u00bb4.19.2&#8243; _module_preset=\u00bb660cb5ee-4581-4904-a2f2-0b63b7010739&#8243; header_4_text_color=\u00bbgcid-5b291cc9-df1d-4b6e-9bdc-386dacc5279f\u00bb custom_margin=\u00bb40px||0px||false|false\u00bb locked=\u00bboff\u00bb global_colors_info=\u00bb{%22gcid-5b291cc9-df1d-4b6e-9bdc-386dacc5279f%22:%91%22header_4_text_color%22%93}\u00bb]<\/p>\n<h4>Direcci\u00f3n<\/h4>\n<p>[\/et_pb_text][et_pb_text _builder_version=\u00bb4.27.4&#8243; _module_preset=\u00bbb07bb8ad-68d5-46ab-9b7c-e949fe9df597&#8243; text_text_color=\u00bbgcid-fa957022-7f68-4c63-9382-2437a00591d9&#8243; custom_margin=\u00bb||10px||false|false\u00bb locked=\u00bboff\u00bb global_colors_info=\u00bb{%22gcid-fa957022-7f68-4c63-9382-2437a00591d9%22:%91%22text_text_color%22%93}\u00bb]<\/p>\n<p><span style=\"color: #ffffff;\">Calle de la Boca, 4<\/span><br \/><span style=\"color: #ffffff;\">Centro Comercial H\u00e9rcules, Local 27<\/span><br \/><span style=\"color: #ffffff;\">11139 Chiclana de la Frontera, C\u00e1diz<\/span><\/p>\n<p>[\/et_pb_text][\/et_pb_column][et_pb_column type=\u00bb1_3&#8243; _builder_version=\u00bb4.19.2&#8243; _module_preset=\u00bbdefault\u00bb global_colors_info=\u00bb{}\u00bb][et_pb_text _builder_version=\u00bb4.19.2&#8243; _module_preset=\u00bb660cb5ee-4581-4904-a2f2-0b63b7010739&#8243; header_4_text_color=\u00bbgcid-5b291cc9-df1d-4b6e-9bdc-386dacc5279f\u00bb custom_margin=\u00bb||0px||false|false\u00bb locked=\u00bboff\u00bb global_colors_info=\u00bb{%22gcid-5b291cc9-df1d-4b6e-9bdc-386dacc5279f%22:%91%22header_4_text_color%22%93}\u00bb]<\/p>\n<h4>Horas<\/h4>\n<p>[\/et_pb_text][et_pb_text _builder_version=\u00bb4.27.4&#8243; _module_preset=\u00bbb07bb8ad-68d5-46ab-9b7c-e949fe9df597&#8243; text_text_color=\u00bbgcid-fa957022-7f68-4c63-9382-2437a00591d9&#8243; custom_margin=\u00bb||10px||false|false\u00bb locked=\u00bboff\u00bb global_colors_info=\u00bb{%22gcid-fa957022-7f68-4c63-9382-2437a00591d9%22:%91%22text_text_color%22%93}\u00bb]<\/p>\n<p><span style=\"color: #ffffff;\">+34 856 508 578<\/span><br \/><span style=\"color: #ffffff;\">+34 613 254 465<\/span><\/p>\n<p>[\/et_pb_text][et_pb_button button_url=\u00bbhttps:\/\/www.holaindiachiclana.com\/es\/menu\/\u00bb button_text=\u00bbMen\u00fa\u00bb _builder_version=\u00bb4.27.4&#8243; _module_preset=\u00bbb364fbfc-2000-436d-ab45-52de35ab9496&#8243; custom_margin=\u00bb28px||28px||true|false\u00bb custom_padding=\u00bb16px|26px|16px|26px|true|true\u00bb locked=\u00bboff\u00bb global_colors_info=\u00bb{}\u00bb][\/et_pb_button][\/et_pb_column][\/et_pb_row][et_pb_row _builder_version=\u00bb4.19.2&#8243; _module_preset=\u00bbdefault\u00bb global_colors_info=\u00bb{}\u00bb][et_pb_column type=\u00bb4_4&#8243; _builder_version=\u00bb4.19.2&#8243; _module_preset=\u00bbdefault\u00bb global_colors_info=\u00bb{}\u00bb][et_pb_social_media_follow icon_color=\u00bb#EDF000&#8243; use_icon_font_size=\u00bbon\u00bb _builder_version=\u00bb4.27.4&#8243; _module_preset=\u00bbdefault\u00bb text_orientation=\u00bbcenter\u00bb border_radii=\u00bbon|100px|100px|100px|100px\u00bb global_colors_info=\u00bb{}\u00bb][et_pb_social_media_follow_network social_network=\u00bbfacebook\u00bb _builder_version=\u00bb4.27.4&#8243; _module_preset=\u00bbdefault\u00bb background_color=\u00bbgcid-68c6b9ad-55a2-4756-9f20-a801af585cf6&#8243; background_enable_color=\u00bbon\u00bb custom_padding=\u00bb4px|4px|4px|4px|true|true\u00bb global_colors_info=\u00bb{%22gcid-68c6b9ad-55a2-4756-9f20-a801af585cf6%22:%91%22background_color%22%93}\u00bb follow_button=\u00bboff\u00bb url_new_window=\u00bbon\u00bb]facebook[\/et_pb_social_media_follow_network][et_pb_social_media_follow_network social_network=\u00bbinstagram\u00bb _builder_version=\u00bb4.19.2&#8243; _module_preset=\u00bbdefault\u00bb background_color=\u00bbgcid-68c6b9ad-55a2-4756-9f20-a801af585cf6&#8243; background_enable_color=\u00bbon\u00bb custom_padding=\u00bb4px|4px|4px|4px|true|true\u00bb global_colors_info=\u00bb{%22gcid-68c6b9ad-55a2-4756-9f20-a801af585cf6%22:%91%22background_color%22,%22background_color%22%93}\u00bb follow_button=\u00bboff\u00bb url_new_window=\u00bbon\u00bb]instagram[\/et_pb_social_media_follow_network][\/et_pb_social_media_follow][\/et_pb_column][\/et_pb_row][\/et_pb_section]<\/p>\n","protected":false},"excerpt":{"rendered":"<p>Bienvenido a\u00a1Hola India!\u00a1Hola India ya est\u00e1 abierto en Chiclana! Con d\u00e9cadas de pasi\u00f3n volcadas en cada plato y un servicio sincero a la altura, te prometemos una aut\u00e9ntica experiencia culinaria india que no olvidar\u00e1s. Cena en casa o pide comida para llevar: te esperan sabor, tradici\u00f3n y calidez.\u00a1Hola India ya est\u00e1 abierto en Chiclana! Experimenta [&hellip;]<\/p>\n","protected":false},"author":1,"featured_media":0,"parent":0,"menu_order":0,"comment_status":"closed","ping_status":"closed","template":"","meta":{"_et_pb_use_builder":"on","_et_pb_old_content":"","_et_gb_content_width":"","footnotes":""},"class_list":["post-245","page","type-page","status-publish","hentry"],"_links":{"self":[{"href":"https:\/\/www.holaindiachiclana.com\/es\/wp-json\/wp\/v2\/pages\/245","targetHints":{"allow":["GET"]}}],"collection":[{"href":"https:\/\/www.holaindiachiclana.com\/es\/wp-json\/wp\/v2\/pages"}],"about":[{"href":"https:\/\/www.holaindiachiclana.com\/es\/wp-json\/wp\/v2\/types\/page"}],"author":[{"embeddable":true,"href":"https:\/\/www.holaindiachiclana.com\/es\/wp-json\/wp\/v2\/users\/1"}],"replies":[{"embeddable":true,"href":"https:\/\/www.holaindiachiclana.com\/es\/wp-json\/wp\/v2\/comments?post=245"}],"version-history":[{"count":4,"href":"https:\/\/www.holaindiachiclana.com\/es\/wp-json\/wp\/v2\/pages\/245\/revisions"}],"predecessor-version":[{"id":301,"href":"https:\/\/www.holaindiachiclana.com\/es\/wp-json\/wp\/v2\/pages\/245\/revisions\/301"}],"wp:attachment":[{"href":"https:\/\/www.holaindiachiclana.com\/es\/wp-json\/wp\/v2\/media?parent=245"}],"curies":[{"name":"wp","href":"https:\/\/api.w.org\/{rel}","templated":true}]}}