{"id":242,"date":"2025-06-29T15:07:08","date_gmt":"2025-06-29T13:07:08","guid":{"rendered":"https:\/\/www.holaindiachiclana.com\/galeria\/"},"modified":"2025-07-01T15:59:07","modified_gmt":"2025-07-01T13:59:07","slug":"galeria","status":"publish","type":"page","link":"https:\/\/www.holaindiachiclana.com\/es\/galeria\/","title":{"rendered":"Galer\u00eda"},"content":{"rendered":"<p>[et_pb_section fb_built=\u00bb1&#8243; admin_label=\u00bbHeader\u00bb _builder_version=\u00bb4.27.4&#8243; _module_preset=\u00bbdefault\u00bb background_enable_pattern_style=\u00bbon\u00bb background_pattern_style=\u00bbscallops\u00bb background_pattern_color=\u00bbgcid-fa957022-7f68-4c63-9382-2437a00591d9&#8243; background_pattern_vertical_offset=\u00bb-64px\u00bb background_pattern_repeat=\u00bbrepeat-x\u00bb custom_padding=\u00bb120px||||false|false\u00bb collapsed=\u00bbon\u00bb global_colors_info=\u00bb{%22gcid-fa957022-7f68-4c63-9382-2437a00591d9%22:%91%22background_pattern_color%22%93}\u00bb theme_builder_area=\u00bbpost_content\u00bb][et_pb_row column_structure=\u00bb2_3,1_3&#8243; _builder_version=\u00bb4.19.2&#8243; _module_preset=\u00bbdefault\u00bb global_colors_info=\u00bb{}\u00bb theme_builder_area=\u00bbpost_content\u00bb][et_pb_column type=\u00bb2_3&#8243; _builder_version=\u00bb4.19.2&#8243; _module_preset=\u00bbdefault\u00bb global_colors_info=\u00bb{}\u00bb theme_builder_area=\u00bbpost_content\u00bb][et_pb_text _builder_version=\u00bb4.27.4&#8243; _module_preset=\u00bb_initial\u00bb header_font=\u00bbBentham||||||||\u00bb header_text_color=\u00bb#E09900&#8243; header_font_size=\u00bb72px\u00bb header_letter_spacing=\u00bb-0.05em\u00bb header_line_height=\u00bb1.2em\u00bb custom_margin=\u00bb||10px||false|false\u00bb header_font_size_tablet=\u00bb40px\u00bb header_font_size_phone=\u00bb24px\u00bb header_font_size_last_edited=\u00bbon|desktop\u00bb global_colors_info=\u00bb{}\u00bb theme_builder_area=\u00bbpost_content\u00bb]<\/p>\n<h1>Galer\u00eda<\/h1>\n<p>[\/et_pb_text][\/et_pb_column][et_pb_column type=\u00bb1_3&#8243; _builder_version=\u00bb4.19.2&#8243; _module_preset=\u00bbdefault\u00bb global_colors_info=\u00bb{}\u00bb theme_builder_area=\u00bbpost_content\u00bb][\/et_pb_column][\/et_pb_row][\/et_pb_section][et_pb_section fb_built=\u00bb1&#8243; _builder_version=\u00bb4.27.4&#8243; _module_preset=\u00bbdefault\u00bb background_color=\u00bb#000000&#8243; hover_enabled=\u00bb0&#8243; global_colors_info=\u00bb{}\u00bb sticky_enabled=\u00bb0&#8243;][et_pb_row _builder_version=\u00bb4.27.4&#8243; _module_preset=\u00bbdefault\u00bb global_colors_info=\u00bb{}\u00bb][et_pb_column type=\u00bb4_4&#8243; _builder_version=\u00bb4.27.4&#8243; _module_preset=\u00bbdefault\u00bb global_colors_info=\u00bb{}\u00bb][dmg_masonry_gallery gallery=\u00bb48,57,56,55,54,53,52,51,50,49&#8243; _builder_version=\u00bb4.27.4&#8243; _module_preset=\u00bbdefault\u00bb global_colors_info=\u00bb{}\u00bb][\/dmg_masonry_gallery][dmg_masonry_gallery gallery=\u00bb155,156,157,158,159,160,161,162,163,164,165,166,167,168,169,170,171&#8243; _builder_version=\u00bb4.27.4&#8243; _module_preset=\u00bbdefault\u00bb hover_enabled=\u00bb0&#8243; global_colors_info=\u00bb{}\u00bb sticky_enabled=\u00bb0&#8243;][\/dmg_masonry_gallery][\/et_pb_column][\/et_pb_row][\/et_pb_section][et_pb_section fb_built=\u00bb1&#8243; admin_label=\u00bbFooter\u00bb _builder_version=\u00bb4.27.4&#8243; _module_preset=\u00bbdefault\u00bb background_color=\u00bbgcid-fa957022-7f68-4c63-9382-2437a00591d9&#8243; background_enable_pattern_style=\u00bbon\u00bb background_pattern_style=\u00bbscallops\u00bb background_pattern_color=\u00bbrgba(187,156,109,0.2)\u00bb background_pattern_repeat_origin=\u00bbbottom_left\u00bb background_pattern_repeat=\u00bbrepeat-x\u00bb custom_padding=\u00bb0px||0px||true|false\u00bb global_module=\u00bb103&#8243; saved_tabs=\u00bball\u00bb collapsed=\u00bboff\u00bb global_colors_info=\u00bb{%22gcid-fa957022-7f68-4c63-9382-2437a00591d9%22:%91%22background_color%22%93}\u00bb][et_pb_row column_structure=\u00bb1_3,1_3,1_3&#8243; custom_padding_last_edited=\u00bbon|tablet\u00bb _builder_version=\u00bb4.27.4&#8243; _module_preset=\u00bbdefault\u00bb background_color=\u00bb#000000&#8243; custom_padding=\u00bb60px|60px|60px|60px|true|true\u00bb custom_padding_tablet=\u00bb30px|30px|30px|30px|true|true\u00bb custom_padding_phone=\u00bb20px|20px|20px|20px|true|true\u00bb global_colors_info=\u00bb{}\u00bb][et_pb_column type=\u00bb1_3&#8243; _builder_version=\u00bb4.19.2&#8243; _module_preset=\u00bbdefault\u00bb global_colors_info=\u00bb{}\u00bb][et_pb_image src=\u00bbhttps:\/\/www.holaindiachiclana.com\/wp-content\/uploads\/2025\/06\/hola-indian.jpg\u00bb alt=\u00bbRestaurante Indio Chiclana\u00bb title_text=\u00bbRestaurante Indio Chiclana\u00bb _builder_version=\u00bb4.27.4&#8243; _module_preset=\u00bbdefault\u00bb global_colors_info=\u00bb{}\u00bb][\/et_pb_image][et_pb_text _builder_version=\u00bb4.27.4&#8243; _module_preset=\u00bbb07bb8ad-68d5-46ab-9b7c-e949fe9df597&#8243; text_text_color=\u00bb#FFFFFF\u00bb global_colors_info=\u00bb{}\u00bb]<\/p>\n<p>Cena en casa o pide comida para llevar: te esperan sabor, tradici\u00f3n y calidez. \u00a1Esperamos recibirte pronto! <\/p>\n<p>[\/et_pb_text][\/et_pb_column][et_pb_column type=\u00bb1_3&#8243; _builder_version=\u00bb4.19.2&#8243; _module_preset=\u00bbdefault\u00bb global_colors_info=\u00bb{}\u00bb][et_pb_text _builder_version=\u00bb4.19.2&#8243; _module_preset=\u00bb660cb5ee-4581-4904-a2f2-0b63b7010739&#8243; header_4_text_color=\u00bbgcid-5b291cc9-df1d-4b6e-9bdc-386dacc5279f\u00bb custom_margin=\u00bb||0px||false|false\u00bb global_colors_info=\u00bb{%22gcid-5b291cc9-df1d-4b6e-9bdc-386dacc5279f%22:%91%22header_4_text_color%22%93}\u00bb]<\/p>\n<h4>Horas<\/h4>\n<p>[\/et_pb_text][et_pb_text _builder_version=\u00bb4.27.4&#8243; _module_preset=\u00bbb07bb8ad-68d5-46ab-9b7c-e949fe9df597&#8243; text_text_color=\u00bbgcid-fa957022-7f68-4c63-9382-2437a00591d9&#8243; custom_margin=\u00bb||10px||false|false\u00bb global_colors_info=\u00bb{%22gcid-fa957022-7f68-4c63-9382-2437a00591d9%22:%91%22text_text_color%22%93}\u00bb]<\/p>\n<p><span style=\"color: #ffffff;\">De lunes a domingo<\/span><br \/><span style=\"color: #ffffff;\">12:30 PM &#8211; 4:30 PM<\/span><br \/><span style=\"color: #ffffff;\">7:00 PM &#8211; 12:30 AM<\/span><\/p>\n<p>[\/et_pb_text][et_pb_text _builder_version=\u00bb4.19.2&#8243; _module_preset=\u00bb660cb5ee-4581-4904-a2f2-0b63b7010739&#8243; header_4_text_color=\u00bbgcid-5b291cc9-df1d-4b6e-9bdc-386dacc5279f\u00bb custom_margin=\u00bb40px||0px||false|false\u00bb locked=\u00bboff\u00bb global_colors_info=\u00bb{%22gcid-5b291cc9-df1d-4b6e-9bdc-386dacc5279f%22:%91%22header_4_text_color%22%93}\u00bb]<\/p>\n<h4>Direcci\u00f3n<\/h4>\n<p>[\/et_pb_text][et_pb_text _builder_version=\u00bb4.27.4&#8243; _module_preset=\u00bbb07bb8ad-68d5-46ab-9b7c-e949fe9df597&#8243; text_text_color=\u00bbgcid-fa957022-7f68-4c63-9382-2437a00591d9&#8243; custom_margin=\u00bb||10px||false|false\u00bb locked=\u00bboff\u00bb global_colors_info=\u00bb{%22gcid-fa957022-7f68-4c63-9382-2437a00591d9%22:%91%22text_text_color%22%93}\u00bb]<\/p>\n<p><span style=\"color: #ffffff;\">Calle de la Boca, 4<\/span><br \/><span style=\"color: #ffffff;\">Centro Comercial H\u00e9rcules, Local 27<\/span><br \/><span style=\"color: #ffffff;\">11139 Chiclana de la Frontera, C\u00e1diz<\/span><\/p>\n<p>[\/et_pb_text][\/et_pb_column][et_pb_column type=\u00bb1_3&#8243; _builder_version=\u00bb4.19.2&#8243; _module_preset=\u00bbdefault\u00bb global_colors_info=\u00bb{}\u00bb][et_pb_text _builder_version=\u00bb4.19.2&#8243; _module_preset=\u00bb660cb5ee-4581-4904-a2f2-0b63b7010739&#8243; header_4_text_color=\u00bbgcid-5b291cc9-df1d-4b6e-9bdc-386dacc5279f\u00bb custom_margin=\u00bb||0px||false|false\u00bb locked=\u00bboff\u00bb global_colors_info=\u00bb{%22gcid-5b291cc9-df1d-4b6e-9bdc-386dacc5279f%22:%91%22header_4_text_color%22%93}\u00bb]<\/p>\n<h4>Horas<\/h4>\n<p>[\/et_pb_text][et_pb_text _builder_version=\u00bb4.27.4&#8243; _module_preset=\u00bbb07bb8ad-68d5-46ab-9b7c-e949fe9df597&#8243; text_text_color=\u00bbgcid-fa957022-7f68-4c63-9382-2437a00591d9&#8243; custom_margin=\u00bb||10px||false|false\u00bb locked=\u00bboff\u00bb global_colors_info=\u00bb{%22gcid-fa957022-7f68-4c63-9382-2437a00591d9%22:%91%22text_text_color%22%93}\u00bb]<\/p>\n<p><span style=\"color: #ffffff;\">+34 856 508 578<\/span><br \/><span style=\"color: #ffffff;\">+34 613 254 465<\/span><\/p>\n<p>[\/et_pb_text][et_pb_button button_text=\u00bbMen\u00fa\u00bb _builder_version=\u00bb4.27.4&#8243; _module_preset=\u00bbb364fbfc-2000-436d-ab45-52de35ab9496&#8243; custom_margin=\u00bb28px||28px||true|false\u00bb custom_padding=\u00bb16px|26px|16px|26px|true|true\u00bb locked=\u00bboff\u00bb global_colors_info=\u00bb{}\u00bb][\/et_pb_button][\/et_pb_column][\/et_pb_row][et_pb_row _builder_version=\u00bb4.19.2&#8243; _module_preset=\u00bbdefault\u00bb global_colors_info=\u00bb{}\u00bb][et_pb_column type=\u00bb4_4&#8243; _builder_version=\u00bb4.19.2&#8243; _module_preset=\u00bbdefault\u00bb global_colors_info=\u00bb{}\u00bb][et_pb_social_media_follow icon_color=\u00bb#EDF000&#8243; use_icon_font_size=\u00bbon\u00bb _builder_version=\u00bb4.27.4&#8243; _module_preset=\u00bbdefault\u00bb text_orientation=\u00bbcenter\u00bb border_radii=\u00bbon|100px|100px|100px|100px\u00bb global_colors_info=\u00bb{}\u00bb][et_pb_social_media_follow_network social_network=\u00bbfacebook\u00bb _builder_version=\u00bb4.27.4&#8243; _module_preset=\u00bbdefault\u00bb background_color=\u00bbgcid-68c6b9ad-55a2-4756-9f20-a801af585cf6&#8243; background_enable_color=\u00bbon\u00bb custom_padding=\u00bb4px|4px|4px|4px|true|true\u00bb global_colors_info=\u00bb{%22gcid-68c6b9ad-55a2-4756-9f20-a801af585cf6%22:%91%22background_color%22%93}\u00bb follow_button=\u00bboff\u00bb url_new_window=\u00bbon\u00bb]facebook[\/et_pb_social_media_follow_network][et_pb_social_media_follow_network social_network=\u00bbinstagram\u00bb _builder_version=\u00bb4.19.2&#8243; _module_preset=\u00bbdefault\u00bb background_color=\u00bbgcid-68c6b9ad-55a2-4756-9f20-a801af585cf6&#8243; background_enable_color=\u00bbon\u00bb custom_padding=\u00bb4px|4px|4px|4px|true|true\u00bb global_colors_info=\u00bb{%22gcid-68c6b9ad-55a2-4756-9f20-a801af585cf6%22:%91%22background_color%22,%22background_color%22%93}\u00bb follow_button=\u00bboff\u00bb url_new_window=\u00bbon\u00bb]instagram[\/et_pb_social_media_follow_network][\/et_pb_social_media_follow][\/et_pb_column][\/et_pb_row][\/et_pb_section]<\/p>\n","protected":false},"excerpt":{"rendered":"<p>Galer\u00eda<div class=\"et_pb_module dmg_masonry_gallery dmg_masonry_gallery_0\">\n\t\t\t\t\n\t\t\t\t\n\t\t\t\t\n\t\t\t\t\n\t\t\t\t\n\t\t\t\t\n\t\t\t\t<div class=\"et_pb_module_inner\">\n\t\t\t\t\t\n\t\t\t<div class=\"dmg-gallery-wrapper\">\n\t\t\t\t\n\t\t\t\t<div class=\"dmg-gallery dmg-modal-gallery \">\n\t\t\t\t\t<div class=\"dmg-gallery-sizer\"><\/div>\n\t\t\t\t\t<div class=\"dmg-gutter-sizer\"><\/div>\n\t\t\t\t\t\n\t\t\t\t\t\t\t<a data-width=\"980\" data-height=\"980\" href=\"https:\/\/www.holaindiachiclana.com\/wp-content\/uploads\/2025\/06\/hola-india-restaurant-1.jpeg\"  data-categories=\"\" class=\"dmg_masonry_gallery_item \" >\n\t\t\t\t\t\t\t\t<img class=\"dmg-lazyload\" alt=\"Indian restaurant HOLA\" data-src=\"https:\/\/www.holaindiachiclana.com\/wp-content\/uploads\/2025\/06\/hola-india-restaurant-1.jpeg\" width=\"980\" height=\"980\" \/>\n\t\t\t\t\t\t\t\t<span class=\"et_overlay\"><\/span>\n\t\t\t\t\t\t\t<\/a>\n\t\t\t\t\t\t\t\n\t\t\t\t\t\t\t<a data-width=\"980\" data-height=\"980\" href=\"https:\/\/www.holaindiachiclana.com\/wp-content\/uploads\/2025\/06\/hola-india-restaurant-10.jpeg\"  data-categories=\"\" class=\"dmg_masonry_gallery_item \" >\n\t\t\t\t\t\t\t\t<img class=\"dmg-lazyload\" alt=\"Indian restaurant HOLA\" data-src=\"https:\/\/www.holaindiachiclana.com\/wp-content\/uploads\/2025\/06\/hola-india-restaurant-10.jpeg\" width=\"980\" height=\"980\" \/>\n\t\t\t\t\t\t\t\t<span class=\"et_overlay\"><\/span>\n\t\t\t\t\t\t\t<\/a>\n\t\t\t\t\t\t\t\n\t\t\t\t\t\t\t<a data-width=\"980\" data-height=\"980\" href=\"https:\/\/www.holaindiachiclana.com\/wp-content\/uploads\/2025\/06\/hola-india-restaurant-9.jpeg\"  data-categories=\"\" class=\"dmg_masonry_gallery_item \" >\n\t\t\t\t\t\t\t\t<img class=\"dmg-lazyload\" alt=\"Indian restaurant HOLA\" data-src=\"https:\/\/www.holaindiachiclana.com\/wp-content\/uploads\/2025\/06\/hola-india-restaurant-9.jpeg\" width=\"980\" height=\"980\" \/>\n\t\t\t\t\t\t\t\t<span class=\"et_overlay\"><\/span>\n\t\t\t\t\t\t\t<\/a>\n\t\t\t\t\t\t\t\n\t\t\t\t\t\t\t<a data-width=\"980\" data-height=\"980\" href=\"https:\/\/www.holaindiachiclana.com\/wp-content\/uploads\/2025\/06\/hola-india-restaurant-8.jpeg\"  data-categories=\"\" class=\"dmg_masonry_gallery_item \" >\n\t\t\t\t\t\t\t\t<img class=\"dmg-lazyload\" alt=\"Indian restaurant HOLA\" data-src=\"https:\/\/www.holaindiachiclana.com\/wp-content\/uploads\/2025\/06\/hola-india-restaurant-8.jpeg\" width=\"980\" height=\"980\" \/>\n\t\t\t\t\t\t\t\t<span class=\"et_overlay\"><\/span>\n\t\t\t\t\t\t\t<\/a>\n\t\t\t\t\t\t\t\n\t\t\t\t\t\t\t<a data-width=\"980\" data-height=\"980\" href=\"https:\/\/www.holaindiachiclana.com\/wp-content\/uploads\/2025\/06\/hola-india-restaurant-7.jpeg\"  data-categories=\"\" class=\"dmg_masonry_gallery_item \" >\n\t\t\t\t\t\t\t\t<img class=\"dmg-lazyload\" alt=\"Indian restaurant HOLA\" data-src=\"https:\/\/www.holaindiachiclana.com\/wp-content\/uploads\/2025\/06\/hola-india-restaurant-7.jpeg\" width=\"980\" height=\"980\" \/>\n\t\t\t\t\t\t\t\t<span class=\"et_overlay\"><\/span>\n\t\t\t\t\t\t\t<\/a>\n\t\t\t\t\t\t\t\n\t\t\t\t\t\t\t<a data-width=\"980\" data-height=\"980\" href=\"https:\/\/www.holaindiachiclana.com\/wp-content\/uploads\/2025\/06\/hola-india-restaurant-6.jpeg\"  data-categories=\"\" class=\"dmg_masonry_gallery_item \" >\n\t\t\t\t\t\t\t\t<img class=\"dmg-lazyload\" alt=\"Indian restaurant HOLA\" data-src=\"https:\/\/www.holaindiachiclana.com\/wp-content\/uploads\/2025\/06\/hola-india-restaurant-6.jpeg\" width=\"980\" height=\"980\" \/>\n\t\t\t\t\t\t\t\t<span class=\"et_overlay\"><\/span>\n\t\t\t\t\t\t\t<\/a>\n\t\t\t\t\t\t\t\n\t\t\t\t\t\t\t<a data-width=\"980\" data-height=\"980\" href=\"https:\/\/www.holaindiachiclana.com\/wp-content\/uploads\/2025\/06\/hola-india-restaurant-5.jpeg\"  data-categories=\"\" class=\"dmg_masonry_gallery_item \" >\n\t\t\t\t\t\t\t\t<img class=\"dmg-lazyload\" alt=\"Indian restaurant HOLA\" data-src=\"https:\/\/www.holaindiachiclana.com\/wp-content\/uploads\/2025\/06\/hola-india-restaurant-5.jpeg\" width=\"980\" height=\"980\" \/>\n\t\t\t\t\t\t\t\t<span class=\"et_overlay\"><\/span>\n\t\t\t\t\t\t\t<\/a>\n\t\t\t\t\t\t\t\n\t\t\t\t\t\t\t<a data-width=\"980\" data-height=\"980\" href=\"https:\/\/www.holaindiachiclana.com\/wp-content\/uploads\/2025\/06\/hola-india-restaurant-4.jpeg\"  data-categories=\"\" class=\"dmg_masonry_gallery_item \" >\n\t\t\t\t\t\t\t\t<img class=\"dmg-lazyload\" alt=\"Indian restaurant HOLA\" data-src=\"https:\/\/www.holaindiachiclana.com\/wp-content\/uploads\/2025\/06\/hola-india-restaurant-4.jpeg\" width=\"980\" height=\"980\" \/>\n\t\t\t\t\t\t\t\t<span class=\"et_overlay\"><\/span>\n\t\t\t\t\t\t\t<\/a>\n\t\t\t\t\t\t\t\n\t\t\t\t\t\t\t<a data-width=\"980\" data-height=\"980\" href=\"https:\/\/www.holaindiachiclana.com\/wp-content\/uploads\/2025\/06\/hola-india-restaurant-3.jpeg\"  data-categories=\"\" class=\"dmg_masonry_gallery_item \" >\n\t\t\t\t\t\t\t\t<img class=\"dmg-lazyload\" alt=\"Indian restaurant HOLA\" data-src=\"https:\/\/www.holaindiachiclana.com\/wp-content\/uploads\/2025\/06\/hola-india-restaurant-3.jpeg\" width=\"980\" height=\"980\" \/>\n\t\t\t\t\t\t\t\t<span class=\"et_overlay\"><\/span>\n\t\t\t\t\t\t\t<\/a>\n\t\t\t\t\t\t\t\n\t\t\t\t\t\t\t<a data-width=\"980\" data-height=\"980\" href=\"https:\/\/www.holaindiachiclana.com\/wp-content\/uploads\/2025\/06\/hola-india-restaurant-2.jpeg\"  data-categories=\"\" class=\"dmg_masonry_gallery_item \" >\n\t\t\t\t\t\t\t\t<img class=\"dmg-lazyload\" alt=\"Indian restaurant HOLA\" data-src=\"https:\/\/www.holaindiachiclana.com\/wp-content\/uploads\/2025\/06\/hola-india-restaurant-2.jpeg\" width=\"980\" height=\"980\" \/>\n\t\t\t\t\t\t\t\t<span class=\"et_overlay\"><\/span>\n\t\t\t\t\t\t\t<\/a>\n\t\t\t\t\t\t\t\n\t  \t\t\t<\/div>\n\t  \t\t\t\n  \t\t\t<\/div>\n  \t\t\t\n\t\t\t\t<\/div>\n\t\t\t<\/div><div class=\"et_pb_module dmg_masonry_gallery dmg_masonry_gallery_1\">\n\t\t\t\t\n\t\t\t\t\n\t\t\t\t\n\t\t\t\t\n\t\t\t\t\n\t\t\t\t\n\t\t\t\t<div class=\"et_pb_module_inner\">\n\t\t\t\t\t\n\t\t\t<div class=\"dmg-gallery-wrapper\">\n\t\t\t\t\n\t\t\t\t<div class=\"dmg-gallery dmg-modal-gallery \">\n\t\t\t\t\t<div class=\"dmg-gallery-sizer\"><\/div>\n\t\t\t\t\t<div class=\"dmg-gutter-sizer\"><\/div>\n\t\t\t\t\t\n\t\t\t\t\t\t\t<a data-width=\"980\" data-height=\"1225\" href=\"https:\/\/www.holaindiachiclana.com\/wp-content\/uploads\/2025\/06\/1c64ba30-8460-4726-8d80-2ee34affc883.jpeg\"  data-categories=\"\" class=\"dmg_masonry_gallery_item \" >\n\t\t\t\t\t\t\t\t<img class=\"dmg-lazyload\" alt=\"\" data-src=\"https:\/\/www.holaindiachiclana.com\/wp-content\/uploads\/2025\/06\/1c64ba30-8460-4726-8d80-2ee34affc883-980x1225.jpeg\" width=\"980\" height=\"1225\" \/>\n\t\t\t\t\t\t\t\t<span class=\"et_overlay\"><\/span>\n\t\t\t\t\t\t\t<\/a>\n\t\t\t\t\t\t\t\n\t\t\t\t\t\t\t<a data-width=\"980\" data-height=\"784\" href=\"https:\/\/www.holaindiachiclana.com\/wp-content\/uploads\/2025\/06\/5c3774d7-d5c0-4bd1-b5ce-f0fe0d74d86b.jpeg\"  data-categories=\"\" class=\"dmg_masonry_gallery_item \" >\n\t\t\t\t\t\t\t\t<img class=\"dmg-lazyload\" alt=\"\" data-src=\"https:\/\/www.holaindiachiclana.com\/wp-content\/uploads\/2025\/06\/5c3774d7-d5c0-4bd1-b5ce-f0fe0d74d86b-980x784.jpeg\" width=\"980\" height=\"784\" \/>\n\t\t\t\t\t\t\t\t<span class=\"et_overlay\"><\/span>\n\t\t\t\t\t\t\t<\/a>\n\t\t\t\t\t\t\t\n\t\t\t\t\t\t\t<a data-width=\"980\" data-height=\"784\" href=\"https:\/\/www.holaindiachiclana.com\/wp-content\/uploads\/2025\/06\/7ac8ce64-3592-480c-aee2-a6aaacead609.jpeg\"  data-categories=\"\" class=\"dmg_masonry_gallery_item \" >\n\t\t\t\t\t\t\t\t<img class=\"dmg-lazyload\" alt=\"\" data-src=\"https:\/\/www.holaindiachiclana.com\/wp-content\/uploads\/2025\/06\/7ac8ce64-3592-480c-aee2-a6aaacead609-980x784.jpeg\" width=\"980\" height=\"784\" \/>\n\t\t\t\t\t\t\t\t<span class=\"et_overlay\"><\/span>\n\t\t\t\t\t\t\t<\/a>\n\t\t\t\t\t\t\t\n\t\t\t\t\t\t\t<a data-width=\"980\" data-height=\"784\" href=\"https:\/\/www.holaindiachiclana.com\/wp-content\/uploads\/2025\/06\/85edc64b-185f-411e-8e1a-6da805ccb2d9.jpeg\"  data-categories=\"\" class=\"dmg_masonry_gallery_item \" >\n\t\t\t\t\t\t\t\t<img class=\"dmg-lazyload\" alt=\"\" data-src=\"https:\/\/www.holaindiachiclana.com\/wp-content\/uploads\/2025\/06\/85edc64b-185f-411e-8e1a-6da805ccb2d9-980x784.jpeg\" width=\"980\" height=\"784\" \/>\n\t\t\t\t\t\t\t\t<span class=\"et_overlay\"><\/span>\n\t\t\t\t\t\t\t<\/a>\n\t\t\t\t\t\t\t\n\t\t\t\t\t\t\t<a data-width=\"980\" data-height=\"784\" href=\"https:\/\/www.holaindiachiclana.com\/wp-content\/uploads\/2025\/06\/1227b4c9-007d-4ad7-afa1-bb9ee5791a06.jpeg\"  data-categories=\"\" class=\"dmg_masonry_gallery_item \" >\n\t\t\t\t\t\t\t\t<img class=\"dmg-lazyload\" alt=\"\" data-src=\"https:\/\/www.holaindiachiclana.com\/wp-content\/uploads\/2025\/06\/1227b4c9-007d-4ad7-afa1-bb9ee5791a06-980x784.jpeg\" width=\"980\" height=\"784\" \/>\n\t\t\t\t\t\t\t\t<span class=\"et_overlay\"><\/span>\n\t\t\t\t\t\t\t<\/a>\n\t\t\t\t\t\t\t\n\t\t\t\t\t\t\t<a data-width=\"980\" data-height=\"784\" href=\"https:\/\/www.holaindiachiclana.com\/wp-content\/uploads\/2025\/06\/4230a5dc-917b-49d3-93b7-fad329e22ce4.jpeg\"  data-categories=\"\" class=\"dmg_masonry_gallery_item \" >\n\t\t\t\t\t\t\t\t<img class=\"dmg-lazyload\" alt=\"\" data-src=\"https:\/\/www.holaindiachiclana.com\/wp-content\/uploads\/2025\/06\/4230a5dc-917b-49d3-93b7-fad329e22ce4-980x784.jpeg\" width=\"980\" height=\"784\" \/>\n\t\t\t\t\t\t\t\t<span class=\"et_overlay\"><\/span>\n\t\t\t\t\t\t\t<\/a>\n\t\t\t\t\t\t\t\n\t\t\t\t\t\t\t<a data-width=\"960\" data-height=\"1280\" href=\"https:\/\/www.holaindiachiclana.com\/wp-content\/uploads\/2025\/06\/54475500-53be-4e0f-9111-a8b325151c8b.jpeg\"  data-categories=\"\" class=\"dmg_masonry_gallery_item \" >\n\t\t\t\t\t\t\t\t<img class=\"dmg-lazyload\" alt=\"\" data-src=\"https:\/\/www.holaindiachiclana.com\/wp-content\/uploads\/2025\/06\/54475500-53be-4e0f-9111-a8b325151c8b.jpeg\" width=\"960\" height=\"1280\" \/>\n\t\t\t\t\t\t\t\t<span class=\"et_overlay\"><\/span>\n\t\t\t\t\t\t\t<\/a>\n\t\t\t\t\t\t\t\n\t\t\t\t\t\t\t<a data-width=\"980\" data-height=\"551\" href=\"https:\/\/www.holaindiachiclana.com\/wp-content\/uploads\/2025\/06\/ad527f44-142d-471c-bd47-b22c93cc0a71.jpeg\"  data-categories=\"\" class=\"dmg_masonry_gallery_item \" >\n\t\t\t\t\t\t\t\t<img class=\"dmg-lazyload\" alt=\"\" data-src=\"https:\/\/www.holaindiachiclana.com\/wp-content\/uploads\/2025\/06\/ad527f44-142d-471c-bd47-b22c93cc0a71-980x551.jpeg\" width=\"980\" height=\"551\" \/>\n\t\t\t\t\t\t\t\t<span class=\"et_overlay\"><\/span>\n\t\t\t\t\t\t\t<\/a>\n\t\t\t\t\t\t\t\n\t\t\t\t\t\t\t<a data-width=\"980\" data-height=\"784\" href=\"https:\/\/www.holaindiachiclana.com\/wp-content\/uploads\/2025\/06\/b8418d41-e25c-4d9e-9ad3-4c29cb9eb480.jpeg\"  data-categories=\"\" class=\"dmg_masonry_gallery_item \" >\n\t\t\t\t\t\t\t\t<img class=\"dmg-lazyload\" alt=\"\" data-src=\"https:\/\/www.holaindiachiclana.com\/wp-content\/uploads\/2025\/06\/b8418d41-e25c-4d9e-9ad3-4c29cb9eb480-980x784.jpeg\" width=\"980\" height=\"784\" \/>\n\t\t\t\t\t\t\t\t<span class=\"et_overlay\"><\/span>\n\t\t\t\t\t\t\t<\/a>\n\t\t\t\t\t\t\t\n\t\t\t\t\t\t\t<a data-width=\"980\" data-height=\"1225\" href=\"https:\/\/www.holaindiachiclana.com\/wp-content\/uploads\/2025\/06\/ba052fd4-068a-471d-97aa-f1f3a82d8fe8.jpeg\"  data-categories=\"\" class=\"dmg_masonry_gallery_item \" >\n\t\t\t\t\t\t\t\t<img class=\"dmg-lazyload\" alt=\"\" data-src=\"https:\/\/www.holaindiachiclana.com\/wp-content\/uploads\/2025\/06\/ba052fd4-068a-471d-97aa-f1f3a82d8fe8-980x1225.jpeg\" width=\"980\" height=\"1225\" \/>\n\t\t\t\t\t\t\t\t<span class=\"et_overlay\"><\/span>\n\t\t\t\t\t\t\t<\/a>\n\t\t\t\t\t\t\t\n\t\t\t\t\t\t\t<a data-width=\"980\" data-height=\"784\" href=\"https:\/\/www.holaindiachiclana.com\/wp-content\/uploads\/2025\/06\/bf977285-3bed-42f1-8ea1-badd15918af7.jpeg\"  data-categories=\"\" class=\"dmg_masonry_gallery_item \" >\n\t\t\t\t\t\t\t\t<img class=\"dmg-lazyload\" alt=\"\" data-src=\"https:\/\/www.holaindiachiclana.com\/wp-content\/uploads\/2025\/06\/bf977285-3bed-42f1-8ea1-badd15918af7-980x784.jpeg\" width=\"980\" height=\"784\" \/>\n\t\t\t\t\t\t\t\t<span class=\"et_overlay\"><\/span>\n\t\t\t\t\t\t\t<\/a>\n\t\t\t\t\t\t\t\n\t\t\t\t\t\t\t<a data-width=\"980\" data-height=\"784\" href=\"https:\/\/www.holaindiachiclana.com\/wp-content\/uploads\/2025\/06\/cc9c67dc-f462-4212-8a81-4314ff4b3c62.jpeg\"  data-categories=\"\" class=\"dmg_masonry_gallery_item \" >\n\t\t\t\t\t\t\t\t<img class=\"dmg-lazyload\" alt=\"\" data-src=\"https:\/\/www.holaindiachiclana.com\/wp-content\/uploads\/2025\/06\/cc9c67dc-f462-4212-8a81-4314ff4b3c62-980x784.jpeg\" width=\"980\" height=\"784\" \/>\n\t\t\t\t\t\t\t\t<span class=\"et_overlay\"><\/span>\n\t\t\t\t\t\t\t<\/a>\n\t\t\t\t\t\t\t\n\t\t\t\t\t\t\t<a data-width=\"980\" data-height=\"784\" href=\"https:\/\/www.holaindiachiclana.com\/wp-content\/uploads\/2025\/06\/d18bd367-14a5-4173-a7d1-a17c12a8a4f3.jpeg\"  data-categories=\"\" class=\"dmg_masonry_gallery_item \" >\n\t\t\t\t\t\t\t\t<img class=\"dmg-lazyload\" alt=\"\" data-src=\"https:\/\/www.holaindiachiclana.com\/wp-content\/uploads\/2025\/06\/d18bd367-14a5-4173-a7d1-a17c12a8a4f3-980x784.jpeg\" width=\"980\" height=\"784\" \/>\n\t\t\t\t\t\t\t\t<span class=\"et_overlay\"><\/span>\n\t\t\t\t\t\t\t<\/a>\n\t\t\t\t\t\t\t\n\t\t\t\t\t\t\t<a data-width=\"980\" data-height=\"735\" href=\"https:\/\/www.holaindiachiclana.com\/wp-content\/uploads\/2025\/06\/d1565b93-bd5a-4f60-a0f1-628c2208b8a4.jpeg\"  data-categories=\"\" class=\"dmg_masonry_gallery_item \" >\n\t\t\t\t\t\t\t\t<img class=\"dmg-lazyload\" alt=\"\" data-src=\"https:\/\/www.holaindiachiclana.com\/wp-content\/uploads\/2025\/06\/d1565b93-bd5a-4f60-a0f1-628c2208b8a4-980x735.jpeg\" width=\"980\" height=\"735\" \/>\n\t\t\t\t\t\t\t\t<span class=\"et_overlay\"><\/span>\n\t\t\t\t\t\t\t<\/a>\n\t\t\t\t\t\t\t\n\t\t\t\t\t\t\t<a data-width=\"980\" data-height=\"784\" href=\"https:\/\/www.holaindiachiclana.com\/wp-content\/uploads\/2025\/06\/da61c396-bb51-48fb-8f36-8609d38409b6.jpeg\"  data-categories=\"\" class=\"dmg_masonry_gallery_item \" >\n\t\t\t\t\t\t\t\t<img class=\"dmg-lazyload\" alt=\"\" data-src=\"https:\/\/www.holaindiachiclana.com\/wp-content\/uploads\/2025\/06\/da61c396-bb51-48fb-8f36-8609d38409b6-980x784.jpeg\" width=\"980\" height=\"784\" \/>\n\t\t\t\t\t\t\t\t<span class=\"et_overlay\"><\/span>\n\t\t\t\t\t\t\t<\/a>\n\t\t\t\t\t\t\t\n\t\t\t\t\t\t\t<a data-width=\"980\" data-height=\"784\" href=\"https:\/\/www.holaindiachiclana.com\/wp-content\/uploads\/2025\/06\/dcfe7f4a-4e95-4232-b7ee-15c45276668f.jpeg\"  data-categories=\"\" class=\"dmg_masonry_gallery_item \" >\n\t\t\t\t\t\t\t\t<img class=\"dmg-lazyload\" alt=\"\" data-src=\"https:\/\/www.holaindiachiclana.com\/wp-content\/uploads\/2025\/06\/dcfe7f4a-4e95-4232-b7ee-15c45276668f-980x784.jpeg\" width=\"980\" height=\"784\" \/>\n\t\t\t\t\t\t\t\t<span class=\"et_overlay\"><\/span>\n\t\t\t\t\t\t\t<\/a>\n\t\t\t\t\t\t\t\n\t\t\t\t\t\t\t<a data-width=\"980\" data-height=\"784\" href=\"https:\/\/www.holaindiachiclana.com\/wp-content\/uploads\/2025\/06\/e32db4dd-be6a-4e9e-8179-f8e59c3d3ea7.jpeg\"  data-categories=\"\" class=\"dmg_masonry_gallery_item \" >\n\t\t\t\t\t\t\t\t<img class=\"dmg-lazyload\" alt=\"\" data-src=\"https:\/\/www.holaindiachiclana.com\/wp-content\/uploads\/2025\/06\/e32db4dd-be6a-4e9e-8179-f8e59c3d3ea7-980x784.jpeg\" width=\"980\" height=\"784\" \/>\n\t\t\t\t\t\t\t\t<span class=\"et_overlay\"><\/span>\n\t\t\t\t\t\t\t<\/a>\n\t\t\t\t\t\t\t\n\t  \t\t\t<\/div>\n\t  \t\t\t\n  \t\t\t<\/div>\n  \t\t\t\n\t\t\t\t<\/div>\n\t\t\t<\/div>Cena en casa o pide comida para llevar: te esperan sabor, tradici\u00f3n y calidez. \u00a1Esperamos recibirte pronto! HorasDe lunes a domingo12:30 PM &#8211; 4:30 PM7:00 PM &#8211; 12:30 AMDirecci\u00f3nCalle de la Boca, 4Centro Comercial H\u00e9rcules, Local 2711139 Chiclana de la Frontera, C\u00e1dizHoras+34 856 508 578+34 [&hellip;]<\/p>\n","protected":false},"author":1,"featured_media":0,"parent":0,"menu_order":0,"comment_status":"closed","ping_status":"closed","template":"","meta":{"_et_pb_use_builder":"on","_et_pb_old_content":"","_et_gb_content_width":"","footnotes":""},"class_list":["post-242","page","type-page","status-publish","hentry"],"_links":{"self":[{"href":"https:\/\/www.holaindiachiclana.com\/es\/wp-json\/wp\/v2\/pages\/242","targetHints":{"allow":["GET"]}}],"collection":[{"href":"https:\/\/www.holaindiachiclana.com\/es\/wp-json\/wp\/v2\/pages"}],"about":[{"href":"https:\/\/www.holaindiachiclana.com\/es\/wp-json\/wp\/v2\/types\/page"}],"author":[{"embeddable":true,"href":"https:\/\/www.holaindiachiclana.com\/es\/wp-json\/wp\/v2\/users\/1"}],"replies":[{"embeddable":true,"href":"https:\/\/www.holaindiachiclana.com\/es\/wp-json\/wp\/v2\/comments?post=242"}],"version-history":[{"count":2,"href":"https:\/\/www.holaindiachiclana.com\/es\/wp-json\/wp\/v2\/pages\/242\/revisions"}],"predecessor-version":[{"id":244,"href":"https:\/\/www.holaindiachiclana.com\/es\/wp-json\/wp\/v2\/pages\/242\/revisions\/244"}],"wp:attachment":[{"href":"https:\/\/www.holaindiachiclana.com\/es\/wp-json\/wp\/v2\/media?parent=242"}],"curies":[{"name":"wp","href":"https:\/\/api.w.org\/{rel}","templated":true}]}}